{"id":708,"date":"2023-11-29T17:55:25","date_gmt":"2023-11-29T16:55:25","guid":{"rendered":"https:\/\/www.chaletdeluigi.com\/?page_id=708"},"modified":"2023-11-29T18:50:36","modified_gmt":"2023-11-29T17:50:36","slug":"seminaires","status":"publish","type":"page","link":"https:\/\/www.chaletdeluigi.com\/index.php\/seminaires\/","title":{"rendered":"S\u00e9minaires"},"content":{"rendered":"<p>Pour les entreprises d\u00e9sirant organiser une r\u00e9ception ou un s\u00e9minaire, il est possible de privatiser le chalet.<\/p>\n<p>Vous trouverez ci-dessous nos offres et menus pour les \u00e9v\u00e8nements professionnels (au format PDF)&#8230;<\/p>\n<ul>\n<li><a href=\"https:\/\/www.chaletdeluigi.com\/wp-content\/uploads\/2023\/11\/PETITS-DEJEUNERS-2023-2024.pdf\" target=\"_blank\" rel=\"noopener\">PETITS-DEJEUNERS<\/a> <img loading=\"lazy\" decoding=\"async\" class=\"alignnone size-full wp-image-707\" src=\"https:\/\/www.chaletdeluigi.com\/wp-content\/uploads\/2023\/11\/icon-pdf-1.jpg\" alt=\"\" width=\"12\" height=\"12\" \/><\/li>\n<li><a href=\"https:\/\/www.chaletdeluigi.com\/wp-content\/uploads\/2023\/11\/COCKTAIL-DINATOIRE.pdf\" target=\"_blank\" rel=\"noopener\">COCKTAIL-DINATOIRE<\/a> <img loading=\"lazy\" decoding=\"async\" class=\"alignnone size-full wp-image-707\" src=\"https:\/\/www.chaletdeluigi.com\/wp-content\/uploads\/2023\/11\/icon-pdf-1.jpg\" alt=\"\" width=\"12\" height=\"12\" \/><\/li>\n<li><a href=\"https:\/\/www.chaletdeluigi.com\/wp-content\/uploads\/2023\/11\/MENU-LUIGI-2023-2024.pdf\" target=\"_blank\" rel=\"noopener\">MENU-LUIGI<\/a> <img loading=\"lazy\" decoding=\"async\" class=\"alignnone size-full wp-image-707\" src=\"https:\/\/www.chaletdeluigi.com\/wp-content\/uploads\/2023\/11\/icon-pdf-1.jpg\" alt=\"\" width=\"12\" height=\"12\" \/><\/li>\n<li><a href=\"https:\/\/www.chaletdeluigi.com\/wp-content\/uploads\/2023\/11\/MENU-SAVOYARD-2023-2024.pdf\" target=\"_blank\" rel=\"noopener\">MENU-SAVOYARD<\/a> <img loading=\"lazy\" decoding=\"async\" class=\"alignnone size-full wp-image-707\" src=\"https:\/\/www.chaletdeluigi.com\/wp-content\/uploads\/2023\/11\/icon-pdf-1.jpg\" alt=\"\" width=\"12\" height=\"12\" \/><\/li>\n<li><a href=\"https:\/\/www.chaletdeluigi.com\/wp-content\/uploads\/2023\/11\/MENU-GALA-2023-2024.pdf\" target=\"_blank\" rel=\"noopener\">MENU-GALA<\/a> <img loading=\"lazy\" decoding=\"async\" class=\"alignnone size-full wp-image-707\" src=\"https:\/\/www.chaletdeluigi.com\/wp-content\/uploads\/2023\/11\/icon-pdf-1.jpg\" alt=\"\" width=\"12\" height=\"12\" \/><\/li>\n<li><a href=\"https:\/\/www.chaletdeluigi.com\/wp-content\/uploads\/2023\/11\/FORFAITS-BOISSONS-REPAS-2023-2024.pdf\" target=\"_blank\" rel=\"noopener\">FORFAITS-BOISSONS<\/a>\u00a0<img loading=\"lazy\" decoding=\"async\" class=\"alignnone size-full wp-image-707\" src=\"https:\/\/www.chaletdeluigi.com\/wp-content\/uploads\/2023\/11\/icon-pdf-1.jpg\" alt=\"\" width=\"12\" height=\"12\" \/><\/li>\n<li><a href=\"https:\/\/www.chaletdeluigi.com\/wp-content\/uploads\/2023\/11\/OFFRE-PUB-LUIGI-2023-2024.pdf\" target=\"_blank\" rel=\"noopener\">OFFRE-PUB<\/a>\u00a0<img loading=\"lazy\" decoding=\"async\" class=\"alignnone size-full wp-image-707\" src=\"https:\/\/www.chaletdeluigi.com\/wp-content\/uploads\/2023\/11\/icon-pdf-1.jpg\" alt=\"\" width=\"12\" height=\"12\" \/><\/li>\n<li><a href=\"https:\/\/www.chaletdeluigi.com\/wp-content\/uploads\/2023\/11\/OFFRE-NIGHT-CLUB-2023-2024.pdf\" target=\"_blank\" rel=\"noopener\">OFFRE-NIGHT-CLUB<\/a> <img loading=\"lazy\" decoding=\"async\" class=\"alignnone size-full wp-image-707\" src=\"https:\/\/www.chaletdeluigi.com\/wp-content\/uploads\/2023\/11\/icon-pdf-1.jpg\" alt=\"\" width=\"12\" height=\"12\" \/><\/li>\n<\/ul>\n<p>Pour toute demande d&rsquo;informations, contactez M. Briffaud au: 06.18.50.16.52<br \/>\n&#8230;Ou <a href=\"https:\/\/www.chaletdeluigi.com\/index.php\/contact\/\">envoyez un message sur notre formulaire de contact.<\/a><\/p>\n<p>&nbsp;<\/p>\n<p>&nbsp;<\/p>\n<p>&nbsp;<\/p>\n","protected":false},"excerpt":{"rendered":"<p>Pour les entreprises d\u00e9sirant organiser une r\u00e9ception ou un s\u00e9minaire, il est possible de privatiser le chalet. Vous trouverez ci-dessous nos offres et menus pour les \u00e9v\u00e8nements professionnels (au format PDF)&#8230; PETITS-DEJEUNERS COCKTAIL-DINATOIRE MENU-LUIGI MENU-SAVOYARD MENU-GALA FORFAITS-BOISSONS\u00a0 OFFRE-PUB\u00a0 OFFRE-NIGHT-CLUB Pour toute demande d&rsquo;informations, contactez M. Briffaud au: 06.18.50.16.52 &#8230;Ou envoyez un message sur notre formulaire<\/p>\n<div class=\"\" ><a class=\"custom-btn book-sm\" href=\"https:\/\/www.chaletdeluigi.com\/index.php\/seminaires\/\"><i class=\"fa fa-chevron-circle-right\"><\/i>Read More<\/a><\/div>\n","protected":false},"author":1,"featured_media":710,"parent":0,"menu_order":0,"comment_status":"closed","ping_status":"closed","template":"","meta":{"footnotes":""},"class_list":["post-708","page","type-page","status-publish","has-post-thumbnail","hentry"],"_links":{"self":[{"href":"https:\/\/www.chaletdeluigi.com\/index.php\/wp-json\/wp\/v2\/pages\/708","targetHints":{"allow":["GET"]}}],"collection":[{"href":"https:\/\/www.chaletdeluigi.com\/index.php\/wp-json\/wp\/v2\/pages"}],"about":[{"href":"https:\/\/www.chaletdeluigi.com\/index.php\/wp-json\/wp\/v2\/types\/page"}],"author":[{"embeddable":true,"href":"https:\/\/www.chaletdeluigi.com\/index.php\/wp-json\/wp\/v2\/users\/1"}],"replies":[{"embeddable":true,"href":"https:\/\/www.chaletdeluigi.com\/index.php\/wp-json\/wp\/v2\/comments?post=708"}],"version-history":[{"count":7,"href":"https:\/\/www.chaletdeluigi.com\/index.php\/wp-json\/wp\/v2\/pages\/708\/revisions"}],"predecessor-version":[{"id":724,"href":"https:\/\/www.chaletdeluigi.com\/index.php\/wp-json\/wp\/v2\/pages\/708\/revisions\/724"}],"wp:featuredmedia":[{"embeddable":true,"href":"https:\/\/www.chaletdeluigi.com\/index.php\/wp-json\/wp\/v2\/media\/710"}],"wp:attachment":[{"href":"https:\/\/www.chaletdeluigi.com\/index.php\/wp-json\/wp\/v2\/media?parent=708"}],"curies":[{"name":"wp","href":"https:\/\/api.w.org\/{rel}","templated":true}]}}