{"id":477,"date":"2022-12-01T13:59:46","date_gmt":"2022-12-01T12:59:46","guid":{"rendered":"https:\/\/www.chaletdeluigi.com\/?page_id=477"},"modified":"2024-07-02T16:30:34","modified_gmt":"2024-07-02T14:30:34","slug":"la-boutique","status":"publish","type":"page","link":"https:\/\/www.chaletdeluigi.com\/index.php\/la-boutique\/","title":{"rendered":"La Boutique"},"content":{"rendered":"<h3 style=\"text-align: center;\"><span style=\"color: #54290c;\"><strong>~ Charcuterie \u00e0 la coupe ~<br \/>\n<\/strong><\/span><\/h3>\n<p style=\"text-align: center;\"><strong><span style=\"color: #000000;\">Jambon de Parme 24 mois Addobbo&#8230;.. 59,90\u20ac\/kg<br \/>\n<em>\u00a0<\/em>Mortadelle pistach\u00e9e Levoni&#8230;.. 32\u20ac\/kg<br \/>\nJambon cuit \u00e0 la truffe Gransbiscotto&#8230;.. 44\u20ac\/kg<br \/>\nCoppa di Parma&#8230;.. 56\u20ac\/kg<br \/>\nPancetta Arrotolata&#8230;.. 37\u20ac\/kg<br \/>\n<em>\u00a0<\/em>Saucisson Il Gentile&#8230;.. 39\u20ac\/kg<br \/>\nSachiacciata piccante&#8230;.. 52\u20ac\/kg<\/span><\/strong><\/p>\n<hr \/>\n<h3 style=\"text-align: center;\"><span style=\"color: #54290c;\"><strong>~ Fromage \u00e0 la coupe ~<\/strong><\/span><\/h3>\n<p style=\"text-align: center;\"><strong><span style=\"color: #000000;\">Parmesan AOP \u00e0 la coupe 24 mois&#8230;.. 55\u20ac\/kg<\/span><\/strong><br \/>\n<strong><span style=\"color: #000000;\">Gorgonzola \u00e0 la cuill\u00e8re&#8230;.. 37\u20ac\/kg<\/span><\/strong><br \/>\n<strong><span style=\"color: #000000;\">Pecorino \u00e0 la pistache&#8230;.. 41\u20ac\/kg<\/span><\/strong><\/p>\n<hr \/>\n<h3 style=\"text-align: center;\"><span style=\"color: #54290c;\"><strong>~ La fabrique \u00e0 p\u00e2tes fra\u00eeches ~<\/strong><\/span><\/h3>\n<p style=\"text-align: center;\"><strong><span style=\"color: #000000;\">Linguines&#8230;.. 13,90\u20ac\/kg<\/span><\/strong><br \/>\n<strong><span style=\"color: #000000;\">Rigatoni&#8230;.. 13,90\u20ac\/kg<\/span><\/strong><\/p>\n<hr \/>\n<h3 style=\"text-align: center;\"><span style=\"color: #54290c;\"><strong>~ Les gourmandises ~<\/strong><\/span><\/h3>\n<p style=\"text-align: center;\"><strong><span style=\"color: #000000;\">Cannoli pistacchio&#8230;.. 2,60\u20ac <\/span><\/strong><br \/>\n<strong><span style=\"color: #000000;\">Cannoli chocolat&#8230;.. 2,60\u20ac <\/span><\/strong><br \/>\n<strong><span style=\"color: #000000;\">Baba au Limoncello&#8230;.. 22\u20ac<\/span><\/strong><br \/>\n<strong><span style=\"color: #000000;\">Amarena&#8230;.. 9,80\u20ac<\/span><\/strong><\/p>\n<hr \/>\n<h3 style=\"text-align: center;\"><span style=\"color: #000000;\"><span style=\"color: #54290c;\"><strong>~ La distillerie (500 ml) ~<\/strong><\/span><\/span><\/h3>\n<p style=\"text-align: center;\"><strong><span style=\"color: #000000;\">Limoncello IGF 34%&#8230;.. 25\u20ac<\/span><\/strong><br \/>\n<strong><span style=\"color: #000000;\">Cr\u00e8me de pistache 17%&#8230;.. 29\u20ac<br \/>\nCr\u00e8me de noisette 17%&#8230;.. 29\u20ac<br \/>\nCr\u00e8me de ch\u00e2taigne 17%&#8230;.. 29\u20ac<br \/>\n<\/span><span style=\"color: #000000;\">Grappa ambr\u00e9e Amarone 40%&#8230;.. 35\u20ac<\/span><\/strong><br \/>\n<span style=\"color: #000000;\"><strong>Grappa blanche Amarone 40%&#8230;.. 35\u20ac<\/strong><br \/>\n<strong>Liqueur d&rsquo;Amaretto Toschi&#8230;.. 35\u20ac<\/strong><br \/>\n<\/span><\/p>\n","protected":false},"excerpt":{"rendered":"<p>~ Charcuterie \u00e0 la coupe ~ Jambon de Parme 24 mois Addobbo&#8230;.. 59,90\u20ac\/kg \u00a0Mortadelle pistach\u00e9e Levoni&#8230;.. 32\u20ac\/kg Jambon cuit \u00e0 la truffe Gransbiscotto&#8230;.. 44\u20ac\/kg Coppa di Parma&#8230;.. 56\u20ac\/kg Pancetta Arrotolata&#8230;.. 37\u20ac\/kg \u00a0Saucisson Il Gentile&#8230;.. 39\u20ac\/kg Sachiacciata piccante&#8230;.. 52\u20ac\/kg ~ Fromage \u00e0 la coupe ~ Parmesan AOP \u00e0 la coupe 24 mois&#8230;.. 55\u20ac\/kg Gorgonzola \u00e0 la<\/p>\n<div class=\"\" ><a class=\"custom-btn book-sm\" href=\"https:\/\/www.chaletdeluigi.com\/index.php\/la-boutique\/\"><i class=\"fa fa-chevron-circle-right\"><\/i>Read More<\/a><\/div>\n","protected":false},"author":1,"featured_media":258,"parent":0,"menu_order":0,"comment_status":"closed","ping_status":"closed","template":"","meta":{"footnotes":""},"class_list":["post-477","page","type-page","status-publish","has-post-thumbnail","hentry"],"_links":{"self":[{"href":"https:\/\/www.chaletdeluigi.com\/index.php\/wp-json\/wp\/v2\/pages\/477","targetHints":{"allow":["GET"]}}],"collection":[{"href":"https:\/\/www.chaletdeluigi.com\/index.php\/wp-json\/wp\/v2\/pages"}],"about":[{"href":"https:\/\/www.chaletdeluigi.com\/index.php\/wp-json\/wp\/v2\/types\/page"}],"author":[{"embeddable":true,"href":"https:\/\/www.chaletdeluigi.com\/index.php\/wp-json\/wp\/v2\/users\/1"}],"replies":[{"embeddable":true,"href":"https:\/\/www.chaletdeluigi.com\/index.php\/wp-json\/wp\/v2\/comments?post=477"}],"version-history":[{"count":34,"href":"https:\/\/www.chaletdeluigi.com\/index.php\/wp-json\/wp\/v2\/pages\/477\/revisions"}],"predecessor-version":[{"id":825,"href":"https:\/\/www.chaletdeluigi.com\/index.php\/wp-json\/wp\/v2\/pages\/477\/revisions\/825"}],"wp:featuredmedia":[{"embeddable":true,"href":"https:\/\/www.chaletdeluigi.com\/index.php\/wp-json\/wp\/v2\/media\/258"}],"wp:attachment":[{"href":"https:\/\/www.chaletdeluigi.com\/index.php\/wp-json\/wp\/v2\/media?parent=477"}],"curies":[{"name":"wp","href":"https:\/\/api.w.org\/{rel}","templated":true}]}}