{"id":33,"date":"2020-06-11T18:34:10","date_gmt":"2020-06-11T16:34:10","guid":{"rendered":"http:\/\/www.chaletdeluigi.com\/?page_id=33"},"modified":"2026-01-28T15:40:39","modified_gmt":"2026-01-28T14:40:39","slug":"a-propos","status":"publish","type":"page","link":"https:\/\/www.chaletdeluigi.com\/index.php\/a-propos\/","title":{"rendered":"A propos du Chalet"},"content":{"rendered":"<p><strong>Notre \u00e9tablissement est situ\u00e9 \u00e0 1950m d&rsquo;altitude. Dot\u00e9 d&rsquo;un grande terrasse panoramique et ensoleill\u00e9e, de 400 m\u00b2, orient\u00e9e plein sud, avec vue sur les montagnes, notre Chalet est typiquement Savoyard <img loading=\"lazy\" decoding=\"async\" class=\"alignnone size-full wp-image-557\" src=\"https:\/\/www.chaletdeluigi.com\/wp-content\/uploads\/2023\/07\/savoie-drapeau.gif\" alt=\"\" width=\"15\" height=\"11\" \/>. Il se trouve dans le centre du village, juste \u00e0 c\u00f4t\u00e9 de la piste des Marmottes&#8230; Il est le rendez-vous des skieurs, en hiver, mais aussi des pi\u00e9tons et des randonneurs en \u00e9t\u00e9!<\/strong><\/p>\n<h3><strong>A la fois Bar et Restaurant, nous sommes ouverts<\/strong><strong> &#8211; 7j\/7&#8230; <\/strong><strong>Cuisine de 11h30 \u00e0 22h et pub de 15h \u00e0 24h, avec la Pinsa (pizza romaine) \u00e0 d\u00e9guster au bar, ou \u00e0 emporter, \u00e0 partir de 18h.<\/strong><\/h3>\n<h3><strong>Happy Hour de 16h \u00e0 18h, tous les jours, sur cocktails et bi\u00e8res. Concerts tous les mardis.<\/strong><\/h3>\n<p><b>Au menu cet hiver: des produits s\u00e9lectionn\u00e9s, parmi les meilleurs en Italie <img loading=\"lazy\" decoding=\"async\" class=\"alignnone size-full wp-image-490\" src=\"https:\/\/www.chaletdeluigi.com\/wp-content\/uploads\/2022\/12\/flagsit.gif\" alt=\"\" width=\"15\" height=\"11\" \/>, des p\u00e2tes fra\u00eeches r\u00e9alis\u00e9es sur place \u00e0 la farine de bl\u00e9 dur et \u0153ufs frais&#8230; Et aussi la nouveaut\u00e9 cette ann\u00e9e: les tagliatelles et les ravioles fra\u00eeches faites artisanalement !<\/b><\/p>\n<p><b><strong>Vous pouvez \u00e9galement venir acheter dans notre \u00e9picerie les meilleurs produits italiens, fromages \u00e0 la d\u00e9coupe, charcuteries \u00e0 la d\u00e9coupe, huiles, vinaigres, etc.<\/strong><\/b><\/p>\n<p>Donc, n&rsquo;h\u00e9sitez pas \u00e0 venir d\u00e9couvrir notre pub chaleureux&#8230; Venez aussi vous amuser sans mod\u00e9ration: retransmissions sportives sur grands \u00e9crans, DJ, etc. Nous organisons des concerts tous les mardis, de 17h \u00e019h avec \u00ab\u00a0Mullit and the machine\u00a0\u00bb. (Un night club est \u00e9galement disponible ; pour les s\u00e9minaires uniquement)&#8230;<\/p>\n<p>Enfin, pour les professionnels d\u00e9sirant organiser une r\u00e9ception ou un s\u00e9minaire, il est \u00e9galement possible de privatiser le chalet pour ce genre d\u2019\u00e9v\u00e9nements <img loading=\"lazy\" decoding=\"async\" class=\"alignnone size-full wp-image-891\" src=\"https:\/\/www.chaletdeluigi.com\/wp-content\/uploads\/2024\/12\/doigt.jpg\" alt=\"\" width=\"20\" height=\"18\" \/> <a href=\"https:\/\/www.chaletdeluigi.com\/index.php\/contact\/\">Contactez-nous directement pour toute demande d&rsquo;informations.<\/a><\/p>\n<p>Quoiqu&rsquo;il en soit, le chalet de Luigi, est l&rsquo;endroit incontournable de vos vacances, \u00e0 ne pas manquer si vous venez dans la station des Arcs 1950. Nous vous garantissons une cuisine simple, gouteuse, du fait maison et un accueil dans la plus grande gentillesse!<\/p>\n<h3><strong><img loading=\"lazy\" decoding=\"async\" class=\"alignnone size-full wp-image-106\" src=\"https:\/\/www.chaletdeluigi.com\/wp-content\/uploads\/2020\/06\/puce_chalet-de-Luigi.jpg\" alt=\"\" width=\"13\" height=\"12\" \/> <span style=\"color: #54290c;\">Vid\u00e9o (vue a\u00e9rienne du chalet)<\/span><\/strong><\/h3>\n<p><iframe loading=\"lazy\" src=\"https:\/\/www.youtube.com\/embed\/7ggR4Ydfw-M\" width=\"98%\" height=\"315\" frameborder=\"0\" allowfullscreen=\"allowfullscreen\"><span data-mce-type=\"bookmark\" style=\"display: inline-block; width: 0px; overflow: hidden; line-height: 0;\" class=\"mce_SELRES_start\">\ufeff<\/span><span data-mce-type=\"bookmark\" style=\"display: inline-block; width: 0px; overflow: hidden; line-height: 0;\" class=\"mce_SELRES_start\">\ufeff<\/span><\/iframe><\/p>\n","protected":false},"excerpt":{"rendered":"<p>Notre \u00e9tablissement est situ\u00e9 \u00e0 1950m d&rsquo;altitude. Dot\u00e9 d&rsquo;un grande terrasse panoramique et ensoleill\u00e9e, de 400 m\u00b2, orient\u00e9e plein sud, avec vue sur les montagnes, notre Chalet est typiquement Savoyard . Il se trouve dans le centre du village, juste \u00e0 c\u00f4t\u00e9 de la piste des Marmottes&#8230; Il est le rendez-vous des skieurs, en hiver,<\/p>\n<div class=\"\" ><a class=\"custom-btn book-sm\" href=\"https:\/\/www.chaletdeluigi.com\/index.php\/a-propos\/\"><i class=\"fa fa-chevron-circle-right\"><\/i>Read More<\/a><\/div>\n","protected":false},"author":1,"featured_media":597,"parent":0,"menu_order":0,"comment_status":"closed","ping_status":"closed","template":"","meta":{"footnotes":""},"class_list":["post-33","page","type-page","status-publish","has-post-thumbnail","hentry"],"_links":{"self":[{"href":"https:\/\/www.chaletdeluigi.com\/index.php\/wp-json\/wp\/v2\/pages\/33","targetHints":{"allow":["GET"]}}],"collection":[{"href":"https:\/\/www.chaletdeluigi.com\/index.php\/wp-json\/wp\/v2\/pages"}],"about":[{"href":"https:\/\/www.chaletdeluigi.com\/index.php\/wp-json\/wp\/v2\/types\/page"}],"author":[{"embeddable":true,"href":"https:\/\/www.chaletdeluigi.com\/index.php\/wp-json\/wp\/v2\/users\/1"}],"replies":[{"embeddable":true,"href":"https:\/\/www.chaletdeluigi.com\/index.php\/wp-json\/wp\/v2\/comments?post=33"}],"version-history":[{"count":73,"href":"https:\/\/www.chaletdeluigi.com\/index.php\/wp-json\/wp\/v2\/pages\/33\/revisions"}],"predecessor-version":[{"id":1045,"href":"https:\/\/www.chaletdeluigi.com\/index.php\/wp-json\/wp\/v2\/pages\/33\/revisions\/1045"}],"wp:featuredmedia":[{"embeddable":true,"href":"https:\/\/www.chaletdeluigi.com\/index.php\/wp-json\/wp\/v2\/media\/597"}],"wp:attachment":[{"href":"https:\/\/www.chaletdeluigi.com\/index.php\/wp-json\/wp\/v2\/media?parent=33"}],"curies":[{"name":"wp","href":"https:\/\/api.w.org\/{rel}","templated":true}]}}