{"id":217,"date":"2020-07-09T14:31:54","date_gmt":"2020-07-09T12:31:54","guid":{"rendered":"http:\/\/www.chaletdeluigi.com\/?page_id=217"},"modified":"2025-11-17T17:50:18","modified_gmt":"2025-11-17T16:50:18","slug":"carte-des-boissons","status":"publish","type":"page","link":"https:\/\/www.chaletdeluigi.com\/index.php\/carte-des-boissons\/","title":{"rendered":"La Carte des Boissons"},"content":{"rendered":"<h3 style=\"text-align: center;\"><span style=\"color: #800000;\"><strong>~ Nos spritz ~<\/strong><\/span><\/h3>\n<p style=\"text-align: center;\"><span style=\"color: #000000;\">Ap\u00e9rol Spritz Italian&#8230;&#8230; 11 \u20ac<\/span><br \/>\n<span style=\"color: #000000;\">Limoncello Spritz Italian&#8230;&#8230; 12 \u20ac<\/span><br \/>\n<span style=\"color: #000000;\">Myrtille Spritz&#8230;&#8230; 11 \u20ac<\/span><br \/>\n<span style=\"color: #000000;\">Miel Violette Spritz&#8230;&#8230; 11 \u20ac<\/span><br \/>\n<span style=\"color: #000000;\">Hugo Spritz&#8230;&#8230; 12 \u20ac<\/span><\/p>\n<h3 style=\"text-align: center;\"><span style=\"color: #800000;\"><strong>~\u00a0<\/strong><strong>Cocktails \/ Mocktails <\/strong><strong>~<\/strong><\/span><\/h3>\n<p style=\"text-align: center;\"><span style=\"color: #000000;\">Mojito&#8230;&#8230; 10 \u20ac<\/span><br \/>\n<span style=\"color: #000000;\">Moscow ou London Mule&#8230;&#8230; 10 \u20ac<\/span><br \/>\n<span style=\"color: #000000;\">Ca\u00efpirinha&#8230;&#8230; 10 \u20ac<\/span><br \/>\n<span style=\"color: #000000;\">Virgin Mojito&#8230;&#8230; 8,50 \u20ac<\/span><br \/>\n<span style=\"color: #000000;\">Cocktail di Fruita&#8230;&#8230; 7 \u20ac<\/span><br \/>\n<em><span style=\"color: #808080;\">(sans alcool)<\/span><\/em><br \/>\n<span style=\"color: #000000;\">Citronade de Luigi&#8230;&#8230; 6,50 \u20ac<\/span><\/p>\n<h3 style=\"text-align: center;\"><span style=\"color: #800000;\"><strong>~\u00a0<\/strong>Ap\u00e9ritifs <strong>~<\/strong><\/span><\/h3>\n<p style=\"text-align: center;\"><span style=\"color: #000000;\">Coupe de champagne Devaux (10cl)&#8230;&#8230; 12 \u20ac<\/span><br \/>\n<span style=\"color: #000000;\">Kir royal (12cl)&#8230;&#8230; 12,50 \u20ac<\/span><br \/>\n<span style=\"color: #000000;\">Coupe de prosecco Ita (10cl)&#8230;&#8230; 7,50 \u20ac<\/span><br \/>\n<span style=\"color: #000000;\">Amaretto Disaronno (4cl)&#8230;&#8230; 8,50 \u20ac<\/span><br \/>\n<span style=\"color: #000000;\">Martini rouge ou blanc (5cl)&#8230;&#8230; 5,50 \u20ac<\/span><br \/>\n<span style=\"color: #000000;\">Ricard (2cl)&#8230;&#8230; 4 \u20ac<\/span><br \/>\n<span style=\"color: #000000;\">Suze (5cl)&#8230;&#8230; 6 \u20ac<\/span><\/p>\n<h3 style=\"text-align: center;\"><span style=\"color: #800000;\"><strong>~\u00a0<\/strong>Bi\u00e8res Pressions <strong>~<\/strong><\/span><\/h3>\n<p style=\"text-align: center;\"><span style=\"color: #000000;\">Moretti &#8211; birra italian (25cl)&#8230; 4,20 \u20ac \/ (50cl)&#8230; 8 \u20ac<\/span><br \/>\n<span style=\"color: #000000;\">Paix Dieu (25cl)&#8230; 5,90 \u20ac \/ (50cl)&#8230; 10,50 \u20ac<\/span><\/p>\n<h3 style=\"text-align: center;\"><span style=\"color: #800000;\"><strong>~\u00a0<\/strong>Bi\u00e8res Bouteilles <strong>~<\/strong><\/span><\/h3>\n<p style=\"text-align: center;\"><span style=\"color: #000000;\">Magners\u00a0 Cidre (33cl)&#8230;&#8230; 7 \u20ac<\/span><br \/>\n<span style=\"color: #000000;\">Blanches de Bruxelles ou Ros\u00e9&#8230;&#8230; 7 \u20ac<\/span><br \/>\n<span style=\"color: #000000;\">Warsteiner 0.0 (33cl)&#8230;&#8230; 6,50 \u20ac<\/span><br \/>\n<span style=\"color: #000000;\">Desperados (33cl)&#8230;&#8230; 7 \u20ac<\/span><\/p>\n<h3 style=\"text-align: center;\"><span style=\"color: #800000;\"><strong>~\u00a0<\/strong>Whiskies <strong>~<\/strong><\/span><\/h3>\n<p style=\"text-align: center;\"><span style=\"color: #000000;\">Jameson (4cl)&#8230;&#8230; 9 \u20ac<\/span><br \/>\n<span style=\"color: #000000;\">Chivas 18ans (4cl)&#8230;&#8230; 22 \u20ac<\/span><br \/>\n<span style=\"color: #000000;\">Chivas 25ans (4cl)&#8230;&#8230; 45 \u20ac<\/span><br \/>\n<span style=\"color: #000000;\">Jack Daniels ou Honey (4cl)&#8230;&#8230; 9 \u20ac<\/span><br \/>\n<span style=\"color: #000000;\">Dalwhinnie 15ans (4cl)&#8230;&#8230; 17 \u20ac<\/span><br \/>\n<span style=\"color: #000000;\">Aberlour Casg Annamh (4cl)&#8230;&#8230; 18 \u20ac<\/span><br \/>\n<span style=\"color: #000000;\">Bellevoye Bleu, Triple Malt (4cl)&#8230;&#8230; 12 \u20ac<\/span><\/p>\n<h3 style=\"text-align: center;\"><span style=\"color: #800000;\"><strong>~ <\/strong><\/span><span style=\"color: #800000;\">Vodkas <\/span><span style=\"color: #800000;\"><strong>~<\/strong><\/span><\/h3>\n<p style=\"text-align: center;\"><span style=\"color: #000000;\">C\u00eeroc P\u00eache ou Redberry ou Sumer Citrus (4cl)&#8230; 10,50 \u20ac<\/span><br \/>\n<span style=\"color: #000000;\">Crystal Head (4cl)&#8230; 14 \u20ac<\/span><br \/>\n<span style=\"color: #000000;\">Wyborowa (4cl)&#8230; 8,50 \u20ac<\/span><\/p>\n<h3 style=\"text-align: center;\"><span style=\"color: #800000;\"><strong>~\u00a0<\/strong><\/span><span style=\"color: #800000;\">Gins <\/span><span style=\"color: #800000;\"><strong>~<\/strong><\/span><\/h3>\n<p style=\"text-align: center;\"><span style=\"color: #000000;\">Hendricks (4cl)&#8230; 11 \u20ac<\/span><br \/>\n<span style=\"color: #000000;\">Fabbri (4cl)&#8230; 12 \u20ac<\/span><br \/>\n<span style=\"color: #000000;\">Beefeater London (4cl)&#8230; 8,50 \u20ac<\/span><\/p>\n<h3 style=\"text-align: center;\"><span style=\"color: #800000;\"><strong>~\u00a0<\/strong>Rhums <strong>~<\/strong><\/span><\/h3>\n<p style=\"text-align: center;\"><span style=\"color: #000000;\">Bacardi carta oro (4cl)&#8230; 10 \u20ac<\/span><br \/>\n<span style=\"color: #000000;\">Pacto Navio (4cl)&#8230; 10 \u20ac<\/span><br \/>\n<span style=\"color: #000000;\">Diplomatico (4cl)&#8230; 13 \u20ac<\/span><br \/>\n<span style=\"color: #000000;\">Bumbo X.O. (4cl)&#8230; 16 \u20ac<\/span><br \/>\n<span style=\"color: #000000;\">Zacapa 23\u00b0 Solera (4cl)&#8230; 16 \u20ac<\/span><\/p>\n<h3 style=\"text-align: center;\"><span style=\"color: #800000;\"><strong>~\u00a0<\/strong>Boissons Fra\u00eeches <strong>~<\/strong><\/span><\/h3>\n<p style=\"text-align: center;\"><span style=\"color: #000000;\">Jus de fruits 100% Italien (20cl)&#8230; 5,50 \u20ac<\/span><br \/>\n<span style=\"color: #808080;\"><em>(P\u00eache, Pomme, Orange, Tomate, Poire, Citron Gingembre)<\/em><\/span><br \/>\n<span style=\"color: #000000;\">Th\u00e9 glac\u00e9 maison du Luigi (44cl)&#8230; 7,00 \u20ac<\/span><br \/>\n<span style=\"color: #000000;\">Bitter Crodino (17cl)&#8230; 4,50 \u20ac<\/span><br \/>\n<span style=\"color: #000000;\">Limonade Tomarchio, Limonade Mandarine Verte, 100% Italien (27,5cl)&#8230; 6 \u20ac<\/span><br \/>\n<span style=\"color: #000000;\">Coca cola, Coca z\u00e9ro (33cl)&#8230; 4 \u20ac<\/span><br \/>\n<span style=\"color: #000000;\">Schweppes Tonic (33cl)&#8230; 4 \u20ac<\/span><br \/>\n<span style=\"color: #000000;\">Perrier (33cl)&#8230; 4 \u20ac<\/span><br \/>\n<span style=\"color: #000000;\">Orangina (25cl)&#8230; 4 \u20ac<\/span><br \/>\n<span style=\"color: #000000;\">Red bull (25cl)&#8230; 7,50 \u20ac<\/span><br \/>\n<span style=\"color: #000000;\">Eau sirop (33cl)&#8230; 3 \u20ac<\/span><br \/>\n<span style=\"color: #000000;\">Diabolo (33cl)&#8230; 4 \u20ac<\/span><br \/>\n<span style=\"color: #000000;\">Suppl\u00e9ment Sirop&#8230; 1 \u20ac<\/span><br \/>\n<span style=\"color: #808080;\"><em>(Nos Sirops : Grenadine, Fraise, P\u00eache, Citron, Cerise, Menthe, Violette)<\/em><\/span><br \/>\n<span style=\"color: #000000;\">Suppl\u00e9ment tranche de citron&#8230; 0,50 \u20ac<\/span><br \/>\n<span style=\"color: #000000;\">Suppl\u00e9ment feuilles de menthe&#8230; 1 \u20ac<\/span><\/p>\n<h3 style=\"text-align: center;\"><span style=\"color: #800000;\"><strong>~\u00a0<\/strong>Eaux Plates et P\u00e9tillantes <strong>~<\/strong><\/span><\/h3>\n<p style=\"text-align: center;\"><span style=\"color: #000000;\">San Bernardo plate (75cl)&#8230; 6,90 \u20ac<\/span><br \/>\n<span style=\"color: #000000;\">San Bernardo p\u00e9tillante (75cl)&#8230; 6,90 \u20ac<\/span><\/p>\n<h3 style=\"text-align: center;\"><span style=\"color: #800000;\"><strong>~\u00a0<\/strong>Boissons Chaudes <strong>~<\/strong><\/span><\/h3>\n<p style=\"text-align: center;\"><span style=\"color: #000000;\">Expresso&#8230; 2,60 \u20ac<\/span><br \/>\n<span style=\"color: #000000;\">Caf\u00e9 allong\u00e9&#8230; 2,80 \u20ac<\/span><br \/>\n<span style=\"color: #000000;\">Double expresso&#8230; 4,90 \u20ac<\/span><br \/>\n<span style=\"color: #000000;\">Grand Caf\u00e9 Cr\u00e8me&#8230; 5 \u20ac<\/span><br \/>\n<span style=\"color: #000000;\">Cappuccino&#8230; 5,60 \u20ac<\/span><br \/>\n<span style=\"color: #000000;\">Chocolat chaud&#8230; 5 \u20ac<\/span><br \/>\n<span style=\"color: #000000;\">Chocolat ou Caf\u00e9 Viennois&#8230; 6 \u20ac<\/span><br \/>\n<span style=\"color: #000000;\">Irish Coffee\/Italian Coffee\/Jamaican Coffee&#8230; 12 \u20ac<\/span><br \/>\n<span style=\"color: #000000;\">Chocolat Chaud Grand Marnier&#8230; 10 \u20ac<\/span><br \/>\n<span style=\"color: #000000;\">Grog&#8230; 8,50 \u20ac<\/span><br \/>\n<span style=\"color: #000000;\">Th\u00e9s, Infusions&#8230; 4,50 \u20ac<\/span><\/p>\n<h3 style=\"text-align: center;\"><span style=\"color: #800000;\"><strong>~\u00a0<\/strong>Digestifs <strong>~<\/strong><\/span><\/h3>\n<p style=\"text-align: center;\"><span style=\"color: #000000;\">Limoncello Tenuta Di Villa Murat (5cl)&#8230; 9,50 \u20ac<\/span><br \/>\n<span style=\"color: #000000;\">Amaretto Disaronno (5cl)&#8230; 8,50 \u20ac<\/span><br \/>\n<span style=\"color: #000000;\">Cognac Hennessy XO (4cl)&#8230; 27 \u20ac<\/span><br \/>\n<span style=\"color: #000000;\">Cr\u00e8me de pistache (5cl)&#8230; 9,50 \u20ac<\/span><br \/>\n<span style=\"color: #000000;\">Cr\u00e8me de ch\u00e2taigne (5cl)&#8230; 9,50 \u20ac<\/span><br \/>\n<span style=\"color: #000000;\">Cr\u00e8me de noisette (5cl)&#8230; 9,50 \u20ac<\/span><br \/>\n<span style=\"color: #000000;\">Grappa ambr\u00e9e Amarone (4cl)&#8230; 12 \u20ac<\/span><br \/>\n<span style=\"color: #000000;\">Grappa Amarone (4cl)&#8230; 10,50 \u20ac<\/span><br \/>\n<span style=\"color: #000000;\">Tequila Casamigos reposado ambr\u00e9e (4cl)&#8230; 19 \u20ac<\/span><br \/>\n<span style=\"color: #000000;\">Tequila patron Silver (4cl)&#8230; 14 \u20ac<\/span><br \/>\n<span style=\"color: #000000;\">Tequila Casamigos blanco (4cl)&#8230; 19 \u20ac<\/span><br \/>\n<span style=\"color: #000000;\">G\u00e9n\u00e9pi (4cl)&#8230; 10 \u20ac<\/span><br \/>\n<span style=\"color: #000000;\">Chartreuse verte (4cl)&#8230; 14 \u20ac<\/span><br \/>\n<span style=\"color: #000000;\">Chartreuse VEP verte (4cl)&#8230; 48 \u20ac<\/span><br \/>\n<span style=\"color: #000000;\">Get 27, Get 31, Baileys (5cl)&#8230; 8,50\u20ac<\/span><br \/>\n<span style=\"color: #000000;\">Eau de vie Poire (4cl)&#8230; 10 \u20ac<\/span><\/p>\n<h3 style=\"text-align: center;\"><span style=\"color: #800000;\"><strong>~\u00a0<\/strong>Les Vins au verre 15cl <strong>~<\/strong><\/span><\/h3>\n<p style=\"text-align: center;\"><strong><span style=\"color: #333333;\">Blanc<\/span><\/strong><br \/>\n<span style=\"color: #000000;\">Grillo Viognier Santa Tresa Bio (2023)&#8230; 7,50 \u20ac<\/span><br \/>\n<span style=\"color: #000000;\">Chablis 1er Cru Les Fourneaux (2020)&#8230; 17,80 \u20ac<\/span><br \/>\n<span style=\"color: #000000;\">Chignin Bergeron La Savoisienne (2023\/2024)&#8230; 8,80 \u20ac<\/span><br \/>\n<span style=\"color: #000000;\">Apremont Domaine Adrien Veyron (2023\/2024)&#8230; 7 \u20ac<\/span><\/p>\n<p style=\"text-align: center;\"><strong><span style=\"color: #333333;\">Rouge<\/span><\/strong><br \/>\n<span style=\"color: #000000;\">Chianti Riserva Voltetto (2020)&#8230; 8 \u20ac<\/span><br \/>\n<span style=\"color: #000000;\">Mondeuse Saint Jean de la Porte (2023)&#8230; 9,50 \u20ac<\/span><br \/>\n<span style=\"color: #000000;\">Pessac-L\u00e9ognan L\u2019Abeille de Fieuzal (2019)&#8230; 15,60 \u20ac<\/span><br \/>\n<span style=\"color: #000000;\">Montepulciano D\u2019Abruzzo DOC (2023)&#8230; 6,50 \u20ac<\/span><br \/>\n<span style=\"color: #000000;\">Gamay Adrien Veyron (2023\/2024)&#8230; 7,40 \u20ac<\/span><\/p>\n<p style=\"text-align: center;\"><strong><span style=\"color: #333333;\">Ros\u00e9<\/span><\/strong><br \/>\n<span style=\"color: #000000;\">IGP M\u00e9dit\u00e9rran\u00e9e, La Sangli\u00e8re S\u00e9duction (2024)&#8230; 5,50 \u20ac<\/span><br \/>\n<span style=\"color: #000000;\">C\u00f4te de Provence Ch\u00e2teau Symphonie Marguerite BIO (2024)&#8230; 12 \u20ac<\/span><br \/>\n<span style=\"color: #000000;\">Cannonau Di Sardegna, Rosato (2024)&#8230; 7,60 \u20ac<\/span><\/p>\n<h3 style=\"text-align: center;\"><span style=\"color: #800000;\"><strong>~\u00a0<\/strong>Les Champagnes <strong>~<\/strong><\/span><\/h3>\n<p style=\"text-align: center;\"><span style=\"color: #000000;\">Grande R\u00e9serve Devaux&#8230; 95 \u20ac<\/span><br \/>\n<span style=\"color: #000000;\">Grande R\u00e9serve Devaux Ros\u00e9&#8230; 135 \u20ac<\/span><br \/>\n<span style=\"color: #000000;\">Devaux cuv\u00e9e D&#8230; 185 \u20ac<\/span><br \/>\n<span style=\"color: #000000;\">Dom P\u00e9rignon Vintage 2013&#8230; 590 \u20ac<\/span><br \/>\n<span style=\"color: #000000;\">Krug Grande Cuv\u00e9e 167\u00e8me \u00e9dition&#8230; 680 \u20ac<\/span><br \/>\n<span style=\"color: #000000;\">Pommery Brut Royal Ros\u00e9&#8230; 130 \u20ac<\/span><br \/>\n<span style=\"color: #000000;\">Mumm Cordon Rouge&#8230; 150 \u20ac<\/span><br \/>\n<span style=\"color: #000000;\">Mumm Cordon Rouge (1,5l)&#8230; 265 \u20ac \/ (3l)&#8230; 500 \u20ac<\/span><\/p>\n<h3 style=\"text-align: center;\"><span style=\"color: #800000;\"><strong>~\u00a0<\/strong>Les Proseccos <strong>~<\/strong><\/span><\/h3>\n<p style=\"text-align: center;\"><span style=\"color: #000000;\">Prosecco Ita&#8230; 40 \u20ac<\/span><br \/>\n<span style=\"color: #000000;\">Prosecco Ros\u00e9 DOC&#8230; 45 \u20ac<\/span><br \/>\n<span style=\"color: #000000;\">Prosecco Brut Mill\u00e9sim\u00e9&#8230; 65 \u20ac<\/span><\/p>\n<h3 style=\"text-align: center;\"><span style=\"color: #800000;\"><strong>~\u00a0<\/strong>Les Vins Blancs <strong>~<\/strong><\/span><\/h3>\n<p style=\"text-align: center;\"><strong><span style=\"color: #333333;\">Italiens<\/span><\/strong><br \/>\n<span style=\"color: #000000;\">Moscatto d\u2019Asti DOCG (2024)&#8230; 39 \u20ac<br \/>\nGazzerotta Grillo Superiore DOC 2021&#8230; 48,20\u20ac<\/span><br \/>\n<span style=\"color: #000000;\">Meaculpa Pentimento (2022)&#8230; 57 \u20ac<\/span><br \/>\n<span style=\"color: #000000;\">Qort\u00e9 Almivisi 2020&#8230; <\/span><span style=\"color: #000000;\">62 \u20ac<\/span><br \/>\n<span style=\"color: #000000;\">Grillo Viognier Santa Tresa Bio&#8230; 33 \u20ac<\/span><\/p>\n<p style=\"text-align: center;\"><span style=\"color: #333333;\"><strong>Loire<\/strong><\/span><br \/>\n<span style=\"color: #000000;\">Pouilly Fum\u00e9 Villa Paulus (2021)&#8230; 71 \u20ac<\/span><br \/>\n<span style=\"color: #000000;\">Sancerre Domaine Carrou (2023)&#8230; 62 \u20ac<\/span><\/p>\n<p style=\"text-align: center;\"><strong><span style=\"color: #333333;\">C\u00f4tes du Rh\u00f4ne<\/span><\/strong><br \/>\n<span style=\"color: #000000;\">C\u00f4tes du Rh\u00f4ne Domaine Des Garriguettes (2023\/2024)&#8230; 48 \u20ac<\/span><br \/>\n<span style=\"color: #000000;\">Condrieu Invitare Chapoutier (2022)&#8230; 130 \u20ac<\/span><\/p>\n<p style=\"text-align: center;\"><span style=\"color: #333333;\"><strong>Bourgogne<\/strong><\/span><br \/>\n<span style=\"color: #000000;\">Givry Maison Louis Jadot (2022)&#8230; 88 \u20ac<\/span><br \/>\n<span style=\"color: #000000;\">Chablis 1er Cru Les Fourneaux (2020)&#8230; 89 \u20ac<\/span><br \/>\n<span style=\"color: #000000;\">Chassagne Montrachet, Ch\u00e2teau de Chassagne, Domaine Bader Mineur (2022)&#8230; 175 \u20ac<\/span><br \/>\n<span style=\"color: #000000;\">Beaune 1er cru, Clos Des Mouches (2019)&#8230; 245 \u20ac<\/span><\/p>\n<p style=\"text-align: center;\"><strong><span style=\"color: #333333;\">Savoie<\/span><\/strong><br \/>\n<span style=\"color: #000000;\">Chignin Bergeron, La Chablisienne (2024)&#8230; 45 \u20ac<\/span><br \/>\n<span style=\"color: #000000;\">Apremont Domaine Adrien Veyron (2023\/2024)&#8230; 34 \u20ac<\/span><\/p>\n<h3 style=\"text-align: center;\"><span style=\"color: #800000;\"><strong>~\u00a0<\/strong>Les Vins Ros\u00e9s <strong>~<\/strong><\/span><\/h3>\n<p style=\"text-align: center;\"><span style=\"color: #000000;\"><strong>Italien<\/strong><\/span><br \/>\n<span style=\"color: #000000;\">Maison Fantini Calalenta Rosato 2021&#8230; 47 \u20ac<\/span><\/p>\n<p style=\"text-align: center;\"><strong><span style=\"color: #333333;\">M\u00e9diterran\u00e9e<\/span><\/strong><br \/>\n<span style=\"color: #000000;\">Cannonau Di Sardegna, Rosato (2024)&#8230; 38 \u20ac<\/span><br \/>\n<span style=\"color: #000000;\">C\u00f4te de Provence Whispering Angel (2024)&#8230; 62 \u20ac<\/span><br \/>\n<span style=\"color: #000000;\">C\u00f4te de Provence Ch\u00e2teau Symphonie Marguerite BIO (2024)&#8230; 58 \u20ac<\/span><br \/>\n<span style=\"color: #000000;\">IGP M\u00e9dit\u00e9rran\u00e9e, La Sangli\u00e8re S\u00e9lection (2024)&#8230; 27 \u20ac<\/span><\/p>\n<h3 style=\"text-align: center;\"><span style=\"color: #800000;\"><strong>~\u00a0<\/strong>Les Vins Rouges <strong>~<\/strong><\/span><\/h3>\n<p style=\"text-align: center;\"><span style=\"color: #000000;\"><strong>Italien<\/strong><\/span><br \/>\n<span style=\"color: #000000;\">Chianti Riserva Volpetto 2019\/2020&#8230; 39 \u20ac<\/span><br \/>\n<span style=\"color: #000000;\">Barbera d&rsquo;Alba Serraia DOC 2021&#8230; 46 \u20ac<\/span><br \/>\n<span style=\"color: #000000;\">Montepulciano D\u2019Abruzzo DOC 2023&#8230; 32 \u20ac<\/span><br \/>\n<span style=\"color: #000000;\">Primitivo Di Manduria Corti Salentine 2022&#8230; 49 \u20ac<\/span><br \/>\n<span style=\"color: #000000;\">Caiarossa IGT Toscana 2019&#8230; 175 \u20ac<\/span><br \/>\n<span style=\"color: #000000;\">Chianti classico Riserva BIO Domaine Villa Calcinaia 2016&#8230; 111 \u20ac<\/span><br \/>\n<span style=\"color: #000000;\">Trevenezie Sodalizio Domaine Almivisi 2017&#8230; 85 \u20ac<\/span><br \/>\n<span style=\"color: #000000;\">Trevenezie Sodalizio Domaine Almivisi Magnum 1,5L 2017&#8230; 164 \u20ac<\/span><br \/>\n<span style=\"color: #000000;\">Trevenezie Sodalizio Domaine Almivisi J\u00e9roboam 3L 2017&#8230; 299 \u20ac<\/span><br \/>\n<span style=\"color: #000000;\">Barbaresco Nubiola Domaine Pelissero 2016&#8230; 158 \u20ac<\/span><br \/>\n<span style=\"color: #000000;\">Testamatta Domaine Bibi Graetz 2020&#8230; 257 \u20ac<\/span><br \/>\n<span style=\"color: #000000;\">Bolgheri Sassicaia Domaine Tenuta San Guido 2019&#8230; 780 \u20ac<\/span><br \/>\n<span style=\"color: #000000;\">Solaia Toscana Antinori 2018&#8230; 1090 \u20ac<\/span><br \/>\n<span style=\"color: #000000;\">Amarone Della Valpolicella Domaine Tajapiero 2018\/2019&#8230; 134 \u20ac<\/span><\/p>\n<p style=\"text-align: center;\"><strong><span style=\"color: #333333;\">Savoie<\/span><\/strong><br \/>\n<span style=\"color: #000000;\">Mondeuse Saint Jean de la Porte, Ch\u00e2teau Saint Philippe (2023)&#8230; 48 \u20ac<\/span><br \/>\n<span style=\"color: #000000;\">Gamay Adrien Veyron (2023\/2024)&#8230; 37 \u20ac<\/span><\/p>\n<p style=\"text-align: center;\"><span style=\"color: #333333;\"><strong>Vall\u00e9e du Rh\u00f4ne<\/strong><\/span><br \/>\n<span style=\"color: #000000;\">Saint-Joseph, Les Granilites Chapoutier Bio (2022)&#8230; 92 \u20ac<\/span><br \/>\n<span style=\"color: #000000;\">Gigondas Mont-Redon (2021)&#8230; 82 \u20ac<\/span><br \/>\n<span style=\"color: #000000;\">C\u00f4tes-Du-Rh\u00f4ne Belleruche Chapoutier (2023\/2024)&#8230; 37 \u20ac<\/span><br \/>\n<span style=\"color: #000000;\">C\u00f4tes Roti, Ch\u00e2teau D\u2019Ampuis, Guigal (2019)&#8230; 235 \u20ac<\/span><br \/>\n<span style=\"color: #000000;\">Ch\u00e2teauneuf du Pape, Clos De L\u2019oratoire 150cl (2021)&#8230; 189 \u20ac<\/span><\/p>\n<p style=\"text-align: center;\"><strong><span style=\"color: #333333;\">Bourgogne<\/span><\/strong><br \/>\n<span style=\"color: #000000;\">Beaune 1er Cru Les Theurons, Louis Jadot (2017)&#8230; 98 \u20ac<\/span><br \/>\n<span style=\"color: #000000;\">Savigny Les Beaune, Domaine Arnoux (2022)&#8230; 90 \u20ac<\/span><br \/>\n<span style=\"color: #000000;\">Beaune 1er Cru, Jessiaume (2021)&#8230; 109 \u20ac<\/span><\/p>\n<p style=\"text-align: center;\"><strong><span style=\"color: #333333;\">Bordeaux<\/span><\/strong><br \/>\n<span style=\"color: #000000;\">Pessac-L\u00e9ognan L\u2019Abeille de Fieuzal (2019\/2020)&#8230; 78 \u20ac<\/span><br \/>\n<span style=\"color: #000000;\">Moulis en M\u00e9doc Ch\u00e2teau Chasse Spleen (2016)&#8230; 145 \u20ac<\/span><br \/>\n<span style=\"color: #000000;\">Margaux, Ch\u00e2teau Giscours (2016\/2018)&#8230; 265 \u20ac<\/span><br \/>\n<span style=\"color: #000000;\">Bordeaux Sup\u00e9rieur Ch\u00e2teau Recougne (2021)&#8230; 37 \u20ac<\/span><br \/>\n<span style=\"color: #000000;\">Haut M\u00e9doc, Ch\u00e2teau La Lagune (2016), 3\u00e8me grand cru class\u00e9&#8230; 165 \u20ac<\/span><br \/>\n<span style=\"color: #000000;\">Saint-Julien, Ch\u00e2teau Gloria (2018), 150cl&#8230; 210 \u20ac<\/span><\/p>\n","protected":false},"excerpt":{"rendered":"<p>~ Nos spritz ~ Ap\u00e9rol Spritz Italian&#8230;&#8230; 11 \u20ac Limoncello Spritz Italian&#8230;&#8230; 12 \u20ac Myrtille Spritz&#8230;&#8230; 11 \u20ac Miel Violette Spritz&#8230;&#8230; 11 \u20ac Hugo Spritz&#8230;&#8230; 12 \u20ac ~\u00a0Cocktails \/ Mocktails ~ Mojito&#8230;&#8230; 10 \u20ac Moscow ou London Mule&#8230;&#8230; 10 \u20ac Ca\u00efpirinha&#8230;&#8230; 10 \u20ac Virgin Mojito&#8230;&#8230; 8,50 \u20ac Cocktail di Fruita&#8230;&#8230; 7 \u20ac (sans alcool) Citronade<\/p>\n<div class=\"\" ><a class=\"custom-btn book-sm\" href=\"https:\/\/www.chaletdeluigi.com\/index.php\/carte-des-boissons\/\"><i class=\"fa fa-chevron-circle-right\"><\/i>Read More<\/a><\/div>\n","protected":false},"author":1,"featured_media":8,"parent":0,"menu_order":0,"comment_status":"closed","ping_status":"closed","template":"","meta":{"footnotes":""},"class_list":["post-217","page","type-page","status-publish","has-post-thumbnail","hentry"],"_links":{"self":[{"href":"https:\/\/www.chaletdeluigi.com\/index.php\/wp-json\/wp\/v2\/pages\/217","targetHints":{"allow":["GET"]}}],"collection":[{"href":"https:\/\/www.chaletdeluigi.com\/index.php\/wp-json\/wp\/v2\/pages"}],"about":[{"href":"https:\/\/www.chaletdeluigi.com\/index.php\/wp-json\/wp\/v2\/types\/page"}],"author":[{"embeddable":true,"href":"https:\/\/www.chaletdeluigi.com\/index.php\/wp-json\/wp\/v2\/users\/1"}],"replies":[{"embeddable":true,"href":"https:\/\/www.chaletdeluigi.com\/index.php\/wp-json\/wp\/v2\/comments?post=217"}],"version-history":[{"count":124,"href":"https:\/\/www.chaletdeluigi.com\/index.php\/wp-json\/wp\/v2\/pages\/217\/revisions"}],"predecessor-version":[{"id":990,"href":"https:\/\/www.chaletdeluigi.com\/index.php\/wp-json\/wp\/v2\/pages\/217\/revisions\/990"}],"wp:featuredmedia":[{"embeddable":true,"href":"https:\/\/www.chaletdeluigi.com\/index.php\/wp-json\/wp\/v2\/media\/8"}],"wp:attachment":[{"href":"https:\/\/www.chaletdeluigi.com\/index.php\/wp-json\/wp\/v2\/media?parent=217"}],"curies":[{"name":"wp","href":"https:\/\/api.w.org\/{rel}","templated":true}]}}